{"id":3098,"date":"2018-10-13T14:42:27","date_gmt":"2018-10-13T14:42:27","guid":{"rendered":"http:\/\/zapatrzonawksiazki.pl\/?page_id=3098"},"modified":"2018-10-13T14:42:27","modified_gmt":"2018-10-13T14:42:27","slug":"polityka-prywatnosci","status":"publish","type":"page","link":"https:\/\/zapatrzonawksiazki.pl\/index.php\/polityka-prywatnosci\/","title":{"rendered":"Polityka prywatno\u015bci"},"content":{"rendered":"<h3 style=\"text-align: center;\">Polityka Prywatno\u015bci<br \/>\nbloga Zapatrzona w ksi\u0105\u017cki<\/h3>\n<p style=\"text-align: justify;\">Niniejsza polityka prywatno\u015bci opisuje zasady post\u0119powania z danymi osobowymi oraz informuje o wykorzystywaniu plik\u00f3w cookies w ramach funkcjonowania bloga Zapatrzona w ksi\u0105\u017cki pod adresem http:\/\/zapatrzonawksiazki.pl\/.<\/p>\n<p style=\"text-align: justify;\">W\u0142a\u015bcicielem bloga Zapatrzona w ksi\u0105\u017cki jest Irena Bujak, zamieszka\u0142a w Sztumskim Polu (Polska). Kontakt z autork\u0105 jest mo\u017cliwy poprzez formularz kontaktowy dost\u0119pny na fanpage\u2019u bloga w serwisie Facebook lub pod adresem mailowym bloga \u2013 blog@zapatrzonawksiazki.pl. W\u0142a\u015bciciel bloga jest administratorem danych.<\/p>\n<h4 style=\"text-align: center;\">\u00a71<br \/>\nDEFINICJE<\/h4>\n<p style=\"text-align: justify;\">Na potrzeby niniejszej polityki prywatno\u015bci, przyjmuje si\u0119 nast\u0119puj\u0105ce znaczenie poni\u017cszych poj\u0119\u0107:<\/p>\n<p style=\"text-align: justify;\">1. <strong>Administrator<\/strong> \u2013 w\u0142a\u015bciciel bloga, Irena Bujak, zamieszka\u0142a w Sztumskim Polu. Kontakt mailowy: blog@zapatrzonawksiazki.pl<br \/>\n2. <strong>Blog<\/strong> \u2013 blog dost\u0119pny pod adresem http:\/\/zapatrzonawksiazki.pl\/, na platformie WordPress (www.wordpress.com).<br \/>\n3. <strong>U\u017cytkownik<\/strong> \u2013 ka\u017cda osoba fizyczna lub prawna, korzystaj\u0105ca z Bloga.<br \/>\n<strong>4<\/strong>. <strong>Pliki cookies (ciasteczka)<\/strong> \u2013 dane informatyczne, w szczeg\u00f3lno\u015bci pliki tekstowe, kt\u00f3re s\u0105 przechowywane w urz\u0105dzeniu ko\u0144cowym U\u017cytkownika [np. komputerze, smartfonie, tablecie], ponadto mog\u0105 by\u0107 one odczytywane przez system teleinformatyczny Administratora.<\/p>\n<h4 style=\"text-align: center;\">\u00a72<br \/>\nDANE OSOBOWE<\/h4>\n<p style=\"text-align: justify;\"><strong>I. Przetwarzanie danych.<\/strong><\/p>\n<p style=\"text-align: justify;\">1. Administratorem danych U\u017cytkownika jest wy\u0142\u0105cznie Administrator opisany \u00a71 pkt 1.<\/p>\n<p style=\"text-align: justify;\">2. Administrator przetwarza dane osobowe U\u017cytkownik\u00f3w w celach odpowiadaj\u0105cych zgodom odebranym od U\u017cytkownik\u00f3w za pomoc\u0105 formularzy dost\u0119pnych na blogu.<\/p>\n<p style=\"text-align: justify;\">3. Administrator gwarantuje poufno\u015b\u0107 wszelkich udost\u0119pnionych mu danych osobowych przez U\u017cytkownika.<\/p>\n<p style=\"text-align: justify;\"><strong>II. Podanie danych przez U\u017cytkownika.<\/strong><\/p>\n<p style=\"text-align: justify;\">4a. Podanie danych przez U\u017cytkownika zawsze jest w pe\u0142ni dobrowolne.<\/p>\n<p style=\"text-align: justify;\">4b. Niewyra\u017cenie zgody na podanie danych przez U\u017cytkownika mo\u017ce skutkowa\u0107 brakiem dost\u0119pu do niekt\u00f3rych funkcji bloga.<\/p>\n<p style=\"text-align: justify;\"><strong>III. Gromadzenie danych przez Administratora.<\/strong><\/p>\n<p style=\"text-align: justify;\">5. Dane osobowe Administrator gromadzi z nale\u017cyt\u0105 staranno\u015bci\u0105 oraz odpowiednio chroni je przed dost\u0119pem do nich przez osoby do tego nieupowa\u017cnione za pomoc\u0105 narz\u0119dzi udost\u0119pnianych na platformie WordPress.<\/p>\n<p style=\"text-align: justify;\">6. Administrator nie udost\u0119pnia danych przekazywanych mu przez U\u017cytkownik\u00f3w jakimkolwiek podmiotom trzecim.<\/p>\n<p style=\"text-align: justify;\">7. Administrator nie jest w stanie okre\u015bli\u0107 czasu przechowywania zgromadzonych danych ze wzgl\u0119du na ich specyfik\u0119. Nie b\u0119d\u0105 przechowywane d\u0142u\u017cej ni\u017c do zamkni\u0119cia bloga.<\/p>\n<p style=\"text-align: justify;\"><strong>IV. Podstawa przetwarzania danych.<\/strong><\/p>\n<p style=\"text-align: justify;\">8. Dane w celach opisanych w \u00a72 pkt 2 przetwarzane b\u0119d\u0105 na podstawie Rozporz\u0105dzenia Parlamentu Europejskiego i Rady (UE) 2016\/679 z dnia 27 kwietnia 2016 roku w sprawie ochrony os\u00f3b fizycznych w zwi\u0105zku z przetwarzaniem danych osobowych i w sprawie swobodnego przep\u0142ywu takich danych oraz uchylenia dyrektywy 95\/46\/WE (RODO) oraz ustawy z dnia 29 sierpnia 1997 r. o ochronie danych osobowych.<\/p>\n<p style=\"text-align: justify;\"><strong>V. Uprawnienia U\u017cytkownik\u00f3w.<\/strong><\/p>\n<p style=\"text-align: justify;\">9. U\u017cytkownikowi przys\u0142uguj\u0105 uprawnienia wynikaj\u0105ce z akt\u00f3w prawnych wskazanych w \u00a72 pkt 7, w tym w szczeg\u00f3lno\u015bci do:<\/p>\n<p style=\"text-align: justify;\">a. prawo \u017c\u0105dania dost\u0119pu do swoich danych, ich sprostowania, usuni\u0119cia, czy te\u017c ograniczenia ich przetwarzania;<\/p>\n<p style=\"text-align: justify;\">b. prawo do wniesienia sprzeciwu wobec przetwarzania danych;<\/p>\n<p style=\"text-align: justify;\">c. prawo do przenoszenia danych;<\/p>\n<p style=\"text-align: justify;\">d. prawo do cofni\u0119cia zgody na przetwarzanie danych w okre\u015blonym celu, w przypadku gdy U\u017cytkownik uprzednio tak\u0105 zgod\u0119 wyrazi\u0142;<\/p>\n<p style=\"text-align: justify;\">e. prawo do wniesienia skargi do organu nadzorczego w zwi\u0105zku z przetwarzaniem oraz gromadzeniem danych przez Administratora.<\/p>\n<h4 style=\"text-align: center;\">\u00a73<br \/>\nSYSTEM KOMENTARZY<\/h4>\n<p style=\"text-align: justify;\">1. Blog korzysta zewn\u0119trznego systemu komentarzy WordPress.<\/p>\n<p style=\"text-align: justify;\">2. U\u017cytkownik zostawiaj\u0105c komentarz na blogu wyra\u017ca zgod\u0119 na przetwarzanie danych osobowych przez system komentarzy WordPress zgodnie z jego polityk\u0105 prywatno\u015bci.<\/p>\n<p style=\"text-align: justify;\">3. Komentarze U\u017cytkownika wy\u015bwietlane s\u0105 na blogu, ale przechowywane s\u0105 na platformie WordPress.<\/p>\n<p style=\"text-align: justify;\">4. Administrator nie administruje danymi U\u017cytkownika koniecznymi do pozostawienia komentarza w systemie WordPress.<\/p>\n<h4 style=\"text-align: center;\">\u00a74<br \/>\nPLIKI COOKIES<\/h4>\n<p style=\"text-align: justify;\">1. Administrator wykorzystuje pliki cookies w celu:<br \/>\na. zapewnienia prawid\u0142owego dzia\u0142ania Bloga;<br \/>\nb. dostosowania zawarto\u015bci strony do preferencji U\u017cytkownika;<br \/>\nc. w celach statystycznych;<br \/>\nd. w celach marketingowych.<br \/>\n2. Ka\u017cdy U\u017cytkownik ma mo\u017cliwo\u015b\u0107 konfiguracji swojej przegl\u0105darki internetowej w spos\u00f3b uniemo\u017cliwiaj\u0105cy przechowywanie plik\u00f3w cookies na urz\u0105dzeniu ko\u0144cowym U\u017cytkownika [np. komputerze, smartfonie, tablecie].<br \/>\n2a. Dokonanie przez U\u017cytkownika powy\u017cej opisanej czynno\u015bci mo\u017ce prowadzi\u0107 do tego, \u017ce korzystanie z Bloga b\u0119dzie utrudnione.<\/p>\n<h4 style=\"text-align: center;\">\u00a75<br \/>\nPOZOSTA\u0141E TECHNOLOGIE<\/h4>\n<p style=\"text-align: justify;\">Administrator informuje U\u017cytkownika, \u017ce stosuje na swoim Blogu technologie \u015bledz\u0105ce dzia\u0142ania przez niego podejmowane w ramach jego aktywno\u015bci na Blogu:<br \/>\na. widget Facebook pozwalaj\u0105cy na przegl\u0105danie ostatnio dodanych post\u00f3w, polubienie strony oraz pozostawienie komentarza i udost\u0119pnienie posta;<br \/>\nb. widget Instagram umo\u017cliwiaj\u0105cy przegl\u0105danie ostatnio dodanych zdj\u0119\u0107;<br \/>\nc. kod \u015bledzenia Google Analitycs w celach analizy statystyki Bloga.<\/p>\n<h4 style=\"text-align: center;\">\u00a76<br \/>\nPOSTY SPONSOROWANE<\/h4>\n<p style=\"text-align: justify;\">1. Na blogu zamieszczane s\u0105 posty sponsorowane w postaci recenzji ksi\u0105\u017cek.<br \/>\n2. Post sponsorowany zawiera reklam\u0119 produktu w postaci ksi\u0105\u017cki, recenzj\u0119 oraz logo wydawnictwa, kt\u00f3re przekaza\u0142o j\u0105 do recenzji.<br \/>\n3. Posty sponsorowane zamieszczane s\u0105 na blogu wy\u0142\u0105cznie w celach marketingowych.<br \/>\n4. W postach sponsorowanych mog\u0105 by\u0107 zamieszczone linki prowadz\u0105ce do:<br \/>\na. sklep\u00f3w internetowych umo\u017cliwiaj\u0105cych kupno zrecenzowanej ksi\u0105\u017cki;<br \/>\nb. strony wydawnictwa, kt\u00f3re przekaza\u0142o ksi\u0105\u017ck\u0119 do recenzji;<br \/>\nc. strony autorskiej lub serwisu autora danej ksi\u0105\u017cki.<br \/>\nPowy\u017cej wskazane linki prowadz\u0105 do stron nale\u017c\u0105cych i zarz\u0105dzanych przez osoby trzecie. Administrator nie odpowiada za dost\u0119pno\u015b\u0107 oraz jako\u015b\u0107 tych stron.<\/p>\n","protected":false},"excerpt":{"rendered":"<p>Polityka Prywatno\u015bci bloga Zapatrzona w ksi\u0105\u017cki Niniejsza polityka prywatno\u015bci opisuje zasady post\u0119powania z danymi osobowymi oraz informuje o wykorzystywaniu plik\u00f3w cookies w ramach funkcjonowania bloga Zapatrzona w ksi\u0105\u017cki pod adresem http:\/\/zapatrzonawksiazki.pl\/. W\u0142a\u015bcicielem bloga Zapatrzona w ksi\u0105\u017cki jest Irena Bujak, zamieszka\u0142a w Sztumskim Polu (Polska). Kontakt z autork\u0105 jest mo\u017cliwy poprzez formularz kontaktowy dost\u0119pny na fanpage\u2019u [&hellip;]<\/p>\n","protected":false},"author":2,"featured_media":0,"parent":0,"menu_order":0,"comment_status":"closed","ping_status":"closed","template":"","meta":[],"_links":{"self":[{"href":"https:\/\/zapatrzonawksiazki.pl\/index.php\/wp-json\/wp\/v2\/pages\/3098"}],"collection":[{"href":"https:\/\/zapatrzonawksiazki.pl\/index.php\/wp-json\/wp\/v2\/pages"}],"about":[{"href":"https:\/\/zapatrzonawksiazki.pl\/index.php\/wp-json\/wp\/v2\/types\/page"}],"author":[{"embeddable":true,"href":"https:\/\/zapatrzonawksiazki.pl\/index.php\/wp-json\/wp\/v2\/users\/2"}],"replies":[{"embeddable":true,"href":"https:\/\/zapatrzonawksiazki.pl\/index.php\/wp-json\/wp\/v2\/comments?post=3098"}],"version-history":[{"count":2,"href":"https:\/\/zapatrzonawksiazki.pl\/index.php\/wp-json\/wp\/v2\/pages\/3098\/revisions"}],"predecessor-version":[{"id":3100,"href":"https:\/\/zapatrzonawksiazki.pl\/index.php\/wp-json\/wp\/v2\/pages\/3098\/revisions\/3100"}],"wp:attachment":[{"href":"https:\/\/zapatrzonawksiazki.pl\/index.php\/wp-json\/wp\/v2\/media?parent=3098"}],"curies":[{"name":"wp","href":"https:\/\/api.w.org\/{rel}","templated":true}]}}