{"id":1461,"date":"2015-06-24T09:25:00","date_gmt":"2015-06-24T09:25:00","guid":{"rendered":"http:\/\/zapatrzonawksiazki.pl\/index.php\/blog-page_24\/"},"modified":"2019-12-30T13:36:47","modified_gmt":"2019-12-30T12:36:47","slug":"blog-page_24","status":"publish","type":"page","link":"https:\/\/zapatrzonawksiazki.pl\/index.php\/blog-page_24\/","title":{"rendered":"O mnie"},"content":{"rendered":"<h2 style=\"text-align: center;\">Witaj w moim skrawku sieci!<\/h2>\n<p style=\"text-align: justify;\"><img decoding=\"async\" loading=\"lazy\" class=\"size-medium wp-image-3624 alignleft\" src=\"http:\/\/zapatrzonawksiazki.pl\/wp-content\/uploads\/2019\/01\/00ja-300x260.jpg\" alt=\"\" width=\"300\" height=\"260\" srcset=\"https:\/\/zapatrzonawksiazki.pl\/wp-content\/uploads\/2019\/01\/00ja-300x260.jpg 300w, https:\/\/zapatrzonawksiazki.pl\/wp-content\/uploads\/2019\/01\/00ja.jpg 717w\" sizes=\"(max-width: 300px) 100vw, 300px\" \/>Ksi\u0105\u017cki kocham odk\u0105d pami\u0119tam, mama cz\u0119sto mi m\u00f3wi\u0142a, \u017ce od zawsze ci\u0105gn\u0119\u0142o mnie do s\u0142owa pisanego i nie mog\u0142a znie\u015b\u0107 mojego marudzenia, \u017ce chc\u0119 wi\u0119cej i wi\u0119cej ksi\u0105\u017cek. Nigdy nie zapomn\u0119 mojej euforii, gdy zapisa\u0142a mnie do miejskiej biblioteki dzieci\u0119cej \u2013 tyle ksi\u0105\u017cek, tyle historii i \u015bwiat\u00f3w do odkrycia, no marzenie! By\u0142am te\u017c jedn\u0105 z niewielu, kt\u00f3ra bez problemu czyta\u0142a lektury, chocia\u017c nie wszystkie mnie porwa\u0142y.<\/p>\n<p style=\"text-align: justify;\">Zapatrzona w ksi\u0105\u017cki powsta\u0142a 8 lat temu na blogspocie. Nie by\u0142a to spontaniczna decyzja, a efekt rozm\u00f3w z Mooly, kt\u00f3r\u0105 pozna\u0142am na jednych z for istniej\u0105cych wtedy w sieci. Przekonywa\u0142a mnie, \u017ce powinnam zacz\u0105\u0107 pisa\u0107, ale jako\u015b nie by\u0142am pewna czy chc\u0119 w to wchodzi\u0107, czy dam rad\u0119. Mooly okaza\u0142a si\u0119 jednak niezmordowana i zacz\u0119\u0142am stawia\u0107 swoje pierwsze, nieporadne kroki w blogosferze. Prawd\u0119 m\u00f3wi\u0105c pocz\u0105tkowym tekstom daleko by\u0142o do recenzji, ale z ka\u017cdym kolejnym by\u0142o coraz lepiej. No, przynajmniej mam tak\u0105 nadziej\u0119, he he. Nie podejrzewa\u0142am, \u017ce wytrwam tyle w prowadzeniu, ale ka\u017cdy kolejny dzie\u0144 utwierdza mnie w przekonaniu, \u017ce to jest to, co chc\u0119 robi\u0107 w wolnym czasie. Blogowanie da\u0142o mi wiele lekcji i otworzy\u0142o furtki do innych miejsc, gdzie doceniono moje zaanga\u017cowanie i dano szans\u0119 na pr\u00f3bowanie innych rzeczy.<\/p>\n<p style=\"text-align: justify;\">Pod koniec 2017 roku poczu\u0142am, \u017ce czas na zmiany, przesz\u0142am na w\u0142asny serwer, gdzie mog\u0119 bawi\u0107 si\u0119 wygl\u0105dem, tak, by mi si\u0119 podoba\u0142o. Powiem Wam \u2013 bajka!<\/p>\n<p style=\"text-align: justify;\">Pisanie sprawia mi ogromn\u0105 rado\u015b\u0107, ale jeszcze wi\u0119ksz\u0105 przyjemno\u015bci\u0105 jest poznawanie swoich czytelnik\u00f3w i innych bloger\u00f3w, z kt\u00f3rymi mog\u0119 rozmawia\u0107 o ksi\u0105\u017ckach i nie tylko. Przez te lata nawi\u0105za\u0142am wiele znajomo\u015bci, a cz\u0119\u015b\u0107 z nich przerodzi\u0142a si\u0119 we wspania\u0142e przyja\u017anie. \u2764<\/p>\n<p style=\"text-align: justify;\">O sobie mog\u0119 powiedzie\u0107 tak:<br \/>\nNie wyobra\u017cam sobie \u017cycia bez ksi\u0105\u017cek. Otaczaj\u0105 mnie (dos\u0142ownie) i ci\u0105gle jest mi ich ma\u0142o, chocia\u017c doceniam te\u017c wygod\u0119 czytania na czytniku. Posiadam psa rasy nieznanej, kt\u00f3ry ca\u0142kowicie zdominowa\u0142 moje \u017cycie i zdoby\u0142 serce. Kocham rozmawia\u0107 i przebywa\u0107 z przyjaci\u00f3\u0142mi, ale r\u00f3wnie mocno uwielbiam samotno\u015b\u0107 i odci\u0119cie od \u015bwiata, by m\u00f3c pogapi\u0107 si\u0119 w sufit. Doceniam dobr\u0105 muzyk\u0119 i film. Mam do\u015b\u0107 specyficzne poczucie humoru i\u2026 wredne. \ud83d\ude00<\/p>\n<h3 style=\"text-align: justify;\">Edit 2019-01-09: W listopadzie 2018 roku mia\u0142am awari\u0119 bloga i utraci\u0142am wpisy z ca\u0142ego roku, powoli dodaje wszystko na nowo, ale prosz\u0119 wydawnictwa i autor\u00f3w o cierpliwo\u015b\u0107.<\/h3>\n","protected":false},"excerpt":{"rendered":"<p>Witaj w moim skrawku sieci! Ksi\u0105\u017cki kocham odk\u0105d pami\u0119tam, mama cz\u0119sto mi m\u00f3wi\u0142a, \u017ce od zawsze ci\u0105gn\u0119\u0142o mnie do s\u0142owa pisanego i nie mog\u0142a znie\u015b\u0107 mojego marudzenia, \u017ce chc\u0119 wi\u0119cej i wi\u0119cej ksi\u0105\u017cek. Nigdy nie zapomn\u0119 mojej euforii, gdy zapisa\u0142a mnie do miejskiej biblioteki dzieci\u0119cej \u2013 tyle ksi\u0105\u017cek, tyle historii i \u015bwiat\u00f3w do odkrycia, no [&hellip;]<\/p>\n","protected":false},"author":2,"featured_media":0,"parent":0,"menu_order":0,"comment_status":"closed","ping_status":"closed","template":"","meta":[],"_links":{"self":[{"href":"https:\/\/zapatrzonawksiazki.pl\/index.php\/wp-json\/wp\/v2\/pages\/1461"}],"collection":[{"href":"https:\/\/zapatrzonawksiazki.pl\/index.php\/wp-json\/wp\/v2\/pages"}],"about":[{"href":"https:\/\/zapatrzonawksiazki.pl\/index.php\/wp-json\/wp\/v2\/types\/page"}],"author":[{"embeddable":true,"href":"https:\/\/zapatrzonawksiazki.pl\/index.php\/wp-json\/wp\/v2\/users\/2"}],"replies":[{"embeddable":true,"href":"https:\/\/zapatrzonawksiazki.pl\/index.php\/wp-json\/wp\/v2\/comments?post=1461"}],"version-history":[{"count":4,"href":"https:\/\/zapatrzonawksiazki.pl\/index.php\/wp-json\/wp\/v2\/pages\/1461\/revisions"}],"predecessor-version":[{"id":5025,"href":"https:\/\/zapatrzonawksiazki.pl\/index.php\/wp-json\/wp\/v2\/pages\/1461\/revisions\/5025"}],"wp:attachment":[{"href":"https:\/\/zapatrzonawksiazki.pl\/index.php\/wp-json\/wp\/v2\/media?parent=1461"}],"curies":[{"name":"wp","href":"https:\/\/api.w.org\/{rel}","templated":true}]}}