{"id":1459,"date":"2015-08-17T08:57:00","date_gmt":"2015-08-17T08:57:00","guid":{"rendered":"http:\/\/zapatrzonawksiazki.pl\/index.php\/kontak\/"},"modified":"2020-05-04T20:45:45","modified_gmt":"2020-05-04T18:45:45","slug":"kontak","status":"publish","type":"page","link":"https:\/\/zapatrzonawksiazki.pl\/index.php\/kontak\/","title":{"rendered":"Kontakt"},"content":{"rendered":"<div style=\"text-align: center;\">Jestem otwarta na propozycj\u0119 wsp\u00f3\u0142pracy z wydawnictwami\/portalami\/autorami. Je\u015bli chc\u0105 Pa\u0144stwo \u017cebym regularnie pisa\u0142a<br \/>\nopinie wydawanych przez Was pozycji literackich prosz\u0119 o kontakt na maila:<br \/>\n<b>\u00a0<\/b><\/div>\n<div style=\"text-align: center;\"><\/div>\n<div style=\"text-align: center;\"><b>\u00a0<\/b><br \/>\n<b><b>blog@zapatrzonawksiazki.pl<\/b><\/b><\/div>\n<div style=\"text-align: center;\">&#8220;Zapatrzona w ksi\u0105\u017cki&#8221; z przyjemno\u015bci\u0105 podejmie si\u0119 r\u00f3wnie\u017c organizowania<br \/>\nkonkurs\u00f3w, w kt\u00f3rych do wygrania by\u0142yby oferowane\u00a0 przez Pa\u0144stwa<br \/>\nprodukty. Z mi\u0142\u0105 ch\u0119ci\u0105 podejmie si\u0119 r\u00f3wnie\u017c patronowania lub bycia ambasadork\u0105 pozycji literackich.<\/p>\n<div class=\"separator\" style=\"clear: both; text-align: center;\"><\/div>\n<\/div>\n<div style=\"text-align: center;\"><\/div>\n<div class=\"separator\" style=\"clear: both; text-align: center;\"><img decoding=\"async\" loading=\"lazy\" class=\"size-medium wp-image-5330 aligncenter\" src=\"http:\/\/zapatrzonawksiazki.pl\/wp-content\/uploads\/2020\/05\/Logo-ZwK-transparentne-300x300.png\" alt=\"\" width=\"300\" height=\"300\" srcset=\"https:\/\/zapatrzonawksiazki.pl\/wp-content\/uploads\/2020\/05\/Logo-ZwK-transparentne-300x300.png 300w, https:\/\/zapatrzonawksiazki.pl\/wp-content\/uploads\/2020\/05\/Logo-ZwK-transparentne-150x150.png 150w, https:\/\/zapatrzonawksiazki.pl\/wp-content\/uploads\/2020\/05\/Logo-ZwK-transparentne-768x768.png 768w, https:\/\/zapatrzonawksiazki.pl\/wp-content\/uploads\/2020\/05\/Logo-ZwK-transparentne-1024x1024.png 1024w, https:\/\/zapatrzonawksiazki.pl\/wp-content\/uploads\/2020\/05\/Logo-ZwK-transparentne.png 1200w\" sizes=\"(max-width: 300px) 100vw, 300px\" \/><\/div>\n","protected":false},"excerpt":{"rendered":"<p>Jestem otwarta na propozycj\u0119 wsp\u00f3\u0142pracy z wydawnictwami\/portalami\/autorami. Je\u015bli chc\u0105 Pa\u0144stwo \u017cebym regularnie pisa\u0142a opinie wydawanych przez Was pozycji literackich prosz\u0119 o kontakt na maila: \u00a0 \u00a0 blog@zapatrzonawksiazki.pl &#8220;Zapatrzona w ksi\u0105\u017cki&#8221; z przyjemno\u015bci\u0105 podejmie si\u0119 r\u00f3wnie\u017c organizowania konkurs\u00f3w, w kt\u00f3rych do wygrania by\u0142yby oferowane\u00a0 przez Pa\u0144stwa produkty. Z mi\u0142\u0105 ch\u0119ci\u0105 podejmie si\u0119 r\u00f3wnie\u017c patronowania lub bycia [&hellip;]<\/p>\n","protected":false},"author":2,"featured_media":0,"parent":0,"menu_order":0,"comment_status":"closed","ping_status":"closed","template":"","meta":[],"_links":{"self":[{"href":"https:\/\/zapatrzonawksiazki.pl\/index.php\/wp-json\/wp\/v2\/pages\/1459"}],"collection":[{"href":"https:\/\/zapatrzonawksiazki.pl\/index.php\/wp-json\/wp\/v2\/pages"}],"about":[{"href":"https:\/\/zapatrzonawksiazki.pl\/index.php\/wp-json\/wp\/v2\/types\/page"}],"author":[{"embeddable":true,"href":"https:\/\/zapatrzonawksiazki.pl\/index.php\/wp-json\/wp\/v2\/users\/2"}],"replies":[{"embeddable":true,"href":"https:\/\/zapatrzonawksiazki.pl\/index.php\/wp-json\/wp\/v2\/comments?post=1459"}],"version-history":[{"count":5,"href":"https:\/\/zapatrzonawksiazki.pl\/index.php\/wp-json\/wp\/v2\/pages\/1459\/revisions"}],"predecessor-version":[{"id":5332,"href":"https:\/\/zapatrzonawksiazki.pl\/index.php\/wp-json\/wp\/v2\/pages\/1459\/revisions\/5332"}],"wp:attachment":[{"href":"https:\/\/zapatrzonawksiazki.pl\/index.php\/wp-json\/wp\/v2\/media?parent=1459"}],"curies":[{"name":"wp","href":"https:\/\/api.w.org\/{rel}","templated":true}]}}