{"id":1457,"date":"2016-10-18T23:58:00","date_gmt":"2016-10-18T23:58:00","guid":{"rendered":"http:\/\/zapatrzonawksiazki.pl\/index.php\/blog-page_7\/"},"modified":"2018-10-13T12:39:27","modified_gmt":"2018-10-13T12:39:27","slug":"blog-page_7","status":"publish","type":"page","link":"https:\/\/zapatrzonawksiazki.pl\/index.php\/blog-page_7\/","title":{"rendered":"Wsp\u00f3\u0142praca"},"content":{"rendered":"<div style=\"text-align: center;\">\n<i>Do tej pory zaufali mi:<\/i><i>&nbsp;<\/i><\/p>\n<p><i>Wydawnictwa:<\/i><\/div>\n<div class=\"separator\" style=\"clear: both; text-align: center;\">\n<\/div>\n<div class=\"separator\" style=\"clear: both; text-align: center;\">\n<a href=\"http:\/\/1.bp.blogspot.com\/-BxBD4vxkgJ0\/UHMRvdZLCvI\/AAAAAAAADpQ\/Epoq0YtTFw0\/s1600\/znak_basic.jpg\" style=\"margin-left: 1em; margin-right: 1em;\"><img decoding=\"async\" loading=\"lazy\" border=\"0\" height=\"71\" src=\"https:\/\/1.bp.blogspot.com\/-BxBD4vxkgJ0\/UHMRvdZLCvI\/AAAAAAAADpQ\/Epoq0YtTFw0\/s320\/znak_basic.jpg\" width=\"200\" \/><\/a><\/div>\n<div class=\"separator\" style=\"clear: both; text-align: center;\">\n<\/div>\n<div style=\"text-align: center;\">\n<div class=\"separator\" style=\"clear: both; text-align: center;\">\n<a href=\"http:\/\/4.bp.blogspot.com\/-YOjy9who9EE\/Tk4xzwXy7gI\/AAAAAAAAAp4\/rOO6LJ_jr7g\/s1600\/znak_emotikon.jpg\" style=\"margin-left: 1em; margin-right: 1em;\"><img decoding=\"async\" loading=\"lazy\" border=\"0\" height=\"30\" src=\"https:\/\/4.bp.blogspot.com\/-YOjy9who9EE\/Tk4xzwXy7gI\/AAAAAAAAAp4\/rOO6LJ_jr7g\/s320\/znak_emotikon.jpg\" width=\"200\" \/><\/a><\/div>\n<div class=\"separator\" style=\"clear: both; text-align: center;\">\n<a href=\"http:\/\/2.bp.blogspot.com\/-F_w9ucl5M-U\/U2U9LwfDU6I\/AAAAAAAAI6A\/gTJBU0f3Fis\/s1600\/znak_literanova.jpg\" style=\"margin-left: 1em; margin-right: 1em;\"><img decoding=\"async\" loading=\"lazy\" border=\"0\" height=\"49\" src=\"https:\/\/2.bp.blogspot.com\/-F_w9ucl5M-U\/U2U9LwfDU6I\/AAAAAAAAI6A\/gTJBU0f3Fis\/s1600\/znak_literanova.jpg\" width=\"200\" \/><\/a><\/div>\n<\/div>\n<div style=\"text-align: center;\">\n<div class=\"separator\" style=\"clear: both; text-align: center;\">\n<a href=\"http:\/\/3.bp.blogspot.com\/-2MOQYAwtGgk\/U2U9a_n_SiI\/AAAAAAAAI6I\/At8PiDLIb4M\/s1600\/Mi%C4%99dzy-S%C5%82owami.jpg\" style=\"margin-left: 1em; margin-right: 1em;\"><img decoding=\"async\" loading=\"lazy\" border=\"0\" height=\"100\" src=\"https:\/\/3.bp.blogspot.com\/-2MOQYAwtGgk\/U2U9a_n_SiI\/AAAAAAAAI6I\/At8PiDLIb4M\/s1600\/Mi%C4%99dzy-S%C5%82owami.jpg\" width=\"200\" \/><\/a><\/div>\n<div class=\"separator\" style=\"clear: both; text-align: center;\">\n<i>&nbsp;<a href=\"http:\/\/www.znak.com.pl\/\">Wydawnictwo Znak<\/a><\/i><\/div>\n<div class=\"separator\" style=\"clear: both; text-align: center;\">\n<i><i>(sporadycznie)<\/i>&nbsp;<\/i><b><i> <\/i><\/b><\/div>\n<div class=\"separator\" style=\"clear: both; text-align: center;\">\n<a href=\"http:\/\/3.bp.blogspot.com\/-JGQkqmw8B2I\/TiMI0wDmc3I\/AAAAAAAAAh8\/AuaZ9GcrVJI\/s1600\/noveares.jpg\" style=\"margin-left: 1em; margin-right: 1em;\"><img decoding=\"async\" loading=\"lazy\" border=\"0\" height=\"200\" src=\"https:\/\/3.bp.blogspot.com\/-JGQkqmw8B2I\/TiMI0wDmc3I\/AAAAAAAAAh8\/AuaZ9GcrVJI\/s1600\/noveares.jpg\" width=\"200\" \/><\/a><\/div>\n<\/div>\n<div style=\"text-align: center;\">\n<div class=\"separator\" style=\"clear: both; text-align: center;\">\n<i><a href=\"http:\/\/novaeres.pl\/\">Wydawnictwo Novae Res<\/a><\/i><\/div>\n<div class=\"separator\" style=\"clear: both; text-align: center;\">\n<i>(sporadycznie)<\/i><\/div>\n<p><\/p>\n<div class=\"separator\" style=\"clear: both; text-align: center;\">\n<a href=\"http:\/\/1.bp.blogspot.com\/-W66cjLFoTNo\/T0VSbu0vb2I\/AAAAAAAABqc\/nSVtjGZIGis\/s1600\/logo+na+jasne+tla.png\" style=\"margin-left: 1em; margin-right: 1em;\"><img decoding=\"async\" loading=\"lazy\" border=\"0\" height=\"77\" src=\"https:\/\/1.bp.blogspot.com\/-W66cjLFoTNo\/T0VSbu0vb2I\/AAAAAAAABqc\/nSVtjGZIGis\/s320\/logo+na+jasne+tla.png\" width=\"200\" \/><\/a><\/div>\n<div class=\"separator\" style=\"clear: both; text-align: center;\">\n<i><a href=\"http:\/\/harlequin.pl\/\">Wydawnictwo Harlequin\/Mira<\/a>&nbsp;<\/i><\/div>\n<div class=\"separator\" style=\"clear: both; text-align: center;\">\n<\/div>\n<div class=\"separator\" style=\"clear: both; text-align: center;\">\n<a href=\"http:\/\/2.bp.blogspot.com\/-KxKIVrDyghs\/TiMON_VGtkI\/AAAAAAAAAiA\/tUgVl27gRrM\/s1600\/proszynski_i_ska.JPG\" style=\"margin-left: 1em; margin-right: 1em;\"><img decoding=\"async\" loading=\"lazy\" border=\"0\" height=\"53\" src=\"https:\/\/2.bp.blogspot.com\/-KxKIVrDyghs\/TiMON_VGtkI\/AAAAAAAAAiA\/tUgVl27gRrM\/s320\/proszynski_i_ska.JPG\" width=\"200\" \/><\/a><\/div>\n<\/div>\n<div style=\"text-align: center;\">\n<div class=\"separator\" style=\"clear: both; text-align: center;\">\n<i><a href=\"http:\/\/www.proszynski.pl\/\">Wydawnictwo Pr\u00f3szy\u0144ski i S-ka<\/a>&nbsp;<\/i><\/div>\n<p><\/p>\n<div class=\"separator\" style=\"clear: both; text-align: center;\">\n<a href=\"http:\/\/2.bp.blogspot.com\/-GiUnBk-Gv1Y\/TkPI96Mm6pI\/AAAAAAAAAn4\/UeXisN0kMBc\/s1600\/papierowy+ksiezyc.png\" style=\"margin-left: 1em; margin-right: 1em;\"><img decoding=\"async\" loading=\"lazy\" border=\"0\" height=\"42\" src=\"https:\/\/2.bp.blogspot.com\/-GiUnBk-Gv1Y\/TkPI96Mm6pI\/AAAAAAAAAn4\/UeXisN0kMBc\/s1600\/papierowy+ksiezyc.png\" width=\"200\" \/><\/a><\/div>\n<p><i><a href=\"http:\/\/papierowyksiezyc.pl\/\">Papierowy Ksi\u0119\u017cyc<\/a><\/i><\/p>\n<div class=\"separator\" style=\"clear: both; text-align: center;\">\n<a href=\"http:\/\/2.bp.blogspot.com\/-ZfL_O5rbYmE\/TkplAQX9OAI\/AAAAAAAAApc\/ny9sx26jbB8\/s1600\/bukowylas_logo.png\" style=\"margin-left: 1em; margin-right: 1em;\"><img decoding=\"async\" border=\"0\" src=\"https:\/\/2.bp.blogspot.com\/-ZfL_O5rbYmE\/TkplAQX9OAI\/AAAAAAAAApc\/ny9sx26jbB8\/s1600\/bukowylas_logo.png\" \/><\/a><\/div>\n<p><i><a href=\"http:\/\/www.bukowylas.pl\/\">Bukowy Las<\/a><\/i><br \/>\n<i>(sporadycznie)<\/i><\/p>\n<p><\/p>\n<div class=\"separator\" style=\"clear: both; text-align: center;\">\n<a href=\"http:\/\/2.bp.blogspot.com\/-FNa7EgtflW4\/Tm8ZZYPedNI\/AAAAAAAAAx0\/uJtVVkSyFyM\/s1600\/logo_videograf.jpg\" style=\"margin-left: 1em; margin-right: 1em;\"><img decoding=\"async\" border=\"0\" src=\"https:\/\/2.bp.blogspot.com\/-FNa7EgtflW4\/Tm8ZZYPedNI\/AAAAAAAAAx0\/uJtVVkSyFyM\/s1600\/logo_videograf.jpg\" \/><\/a><\/div>\n<p><i><a href=\"http:\/\/videograf.pl\/\">Videograf II<\/a><\/i><br \/>\n<i>&nbsp;<\/i><i>(sporadycznie)<\/i><\/p>\n<div class=\"separator\" style=\"clear: both; text-align: center;\">\n<a href=\"http:\/\/1.bp.blogspot.com\/-pGtdZJi0ZVA\/Tx_m_kTFQ3I\/AAAAAAAABfw\/eIVgdgY8PnE\/s1600\/swiatksiazki.gif\" style=\"margin-left: 1em; margin-right: 1em;\"><img decoding=\"async\" loading=\"lazy\" border=\"0\" height=\"34\" src=\"https:\/\/1.bp.blogspot.com\/-pGtdZJi0ZVA\/Tx_m_kTFQ3I\/AAAAAAAABfw\/eIVgdgY8PnE\/s1600\/swiatksiazki.gif\" width=\"200\" \/><\/a><\/div>\n<p><i><a href=\"http:\/\/www.swiatksiazki.pl\/\">\u015awiat Ksi\u0105\u017cki<\/a><\/i><\/p>\n<div class=\"separator\" style=\"clear: both; text-align: center;\">\n<a href=\"http:\/\/2.bp.blogspot.com\/-E5lCjQ8LXEQ\/TyvoPiWG3EI\/AAAAAAAABh8\/CJ6IaG-g07k\/s1600\/czarnaowca.gif\" style=\"margin-left: 1em; margin-right: 1em;\"><img decoding=\"async\" loading=\"lazy\" border=\"0\" height=\"109\" src=\"https:\/\/2.bp.blogspot.com\/-E5lCjQ8LXEQ\/TyvoPiWG3EI\/AAAAAAAABh8\/CJ6IaG-g07k\/s1600\/czarnaowca.gif\" width=\"200\" \/><\/a><\/div>\n<p><a href=\"http:\/\/www.czarnaowca.pl\/\"><i>Czarna Owca<\/i><\/a><\/p>\n<div class=\"separator\" style=\"clear: both; text-align: center;\">\n<a href=\"http:\/\/4.bp.blogspot.com\/-RnTTSrgeEVg\/TzkCiOAL3iI\/AAAAAAAABnI\/8hdlDmu0wZ0\/s1600\/WielkaLitera_logo.jpg\" style=\"margin-left: 1em; margin-right: 1em;\"><img decoding=\"async\" loading=\"lazy\" border=\"0\" height=\"78\" src=\"https:\/\/4.bp.blogspot.com\/-RnTTSrgeEVg\/TzkCiOAL3iI\/AAAAAAAABnI\/8hdlDmu0wZ0\/s320\/WielkaLitera_logo.jpg\" width=\"200\" \/><\/a><\/div>\n<p><i><a href=\"http:\/\/www.wielkalitera.pl\/\">Wielka Litera<\/a><\/i><br \/>\n<i>(sporadycznie)<\/i><\/p>\n<div class=\"separator\" style=\"clear: both; text-align: center;\">\n<a href=\"http:\/\/1.bp.blogspot.com\/-zqr-oDckzH4\/UAhWOmEI2hI\/AAAAAAAACos\/VduX2MeMAKc\/s1600\/wydNK.jpg\" style=\"margin-left: 1em; margin-right: 1em;\"><img decoding=\"async\" loading=\"lazy\" border=\"0\" height=\"60\" src=\"https:\/\/1.bp.blogspot.com\/-zqr-oDckzH4\/UAhWOmEI2hI\/AAAAAAAACos\/VduX2MeMAKc\/s320\/wydNK.jpg\" width=\"200\" \/><\/a><\/div>\n<\/div>\n<div style=\"text-align: center;\">\n<a href=\"http:\/\/www.nk.com.pl\/\"><i>Nasza Ksi\u0119garnia<\/i><\/a><\/p>\n<div class=\"separator\" style=\"clear: both; text-align: center;\">\n<a href=\"http:\/\/1.bp.blogspot.com\/-fUT_uPDtvEs\/USUKB-4UWwI\/AAAAAAAAGQI\/BV1T3SqFTJs\/s1600\/dreams.jpg\" style=\"margin-left: 1em; margin-right: 1em;\"><img decoding=\"async\" loading=\"lazy\" border=\"0\" height=\"200\" src=\"https:\/\/1.bp.blogspot.com\/-fUT_uPDtvEs\/USUKB-4UWwI\/AAAAAAAAGQI\/BV1T3SqFTJs\/s1600\/dreams.jpg\" width=\"167\" \/><\/a><\/div>\n<div style=\"text-align: center;\">\n<i><a href=\"http:\/\/www.dreamswydawnictwo.pl\/\">Dreams<\/a><\/i><\/div>\n<div style=\"text-align: center;\">\n<\/div>\n<div class=\"separator\" style=\"clear: both; text-align: center;\">\n<a href=\"http:\/\/1.bp.blogspot.com\/-Xq3jY21q04s\/USUKomRbL7I\/AAAAAAAAGQQ\/p2yGuKZk61Q\/s1600\/Egmont.jpg\" style=\"margin-left: 1em; margin-right: 1em;\"><img decoding=\"async\" loading=\"lazy\" border=\"0\" height=\"100\" src=\"https:\/\/1.bp.blogspot.com\/-Xq3jY21q04s\/USUKomRbL7I\/AAAAAAAAGQQ\/p2yGuKZk61Q\/s1600\/Egmont.jpg\" width=\"200\" \/><\/a><\/div>\n<div style=\"text-align: center;\">\n<i><a href=\"http:\/\/www.egmont.pl\/\">Egmont<\/a><\/i><\/div>\n<div style=\"text-align: center;\">\n<\/div>\n<\/div>\n<div style=\"text-align: center;\">\n<i><i> <\/i><\/i><\/p>\n<div class=\"separator\" style=\"clear: both; text-align: center;\">\n<a href=\"http:\/\/1.bp.blogspot.com\/-3Yn8Y1rnAeU\/U2U-Ui4EQrI\/AAAAAAAAI6Y\/G00KKziIsQQ\/s1600\/Feeria.png\" style=\"margin-left: 1em; margin-right: 1em;\"><img decoding=\"async\" border=\"0\" src=\"https:\/\/1.bp.blogspot.com\/-3Yn8Y1rnAeU\/U2U-Ui4EQrI\/AAAAAAAAI6Y\/G00KKziIsQQ\/s1600\/Feeria.png\" \/><\/a><\/div>\n<\/div>\n<div style=\"text-align: center;\">\n<a href=\"http:\/\/wydawnictwofeeria.pl\/pl\/\"><i>Feeria <\/i><\/a><\/p>\n<div class=\"separator\" style=\"clear: both; text-align: center;\">\n<a href=\"http:\/\/3.bp.blogspot.com\/-NEiGtXxQn3A\/VZuyy5UDDbI\/AAAAAAAALBQ\/tqmlG_tJUZk\/s1600\/filia.jpg\" style=\"margin-left: 1em; margin-right: 1em;\"><img decoding=\"async\" border=\"0\" src=\"https:\/\/3.bp.blogspot.com\/-NEiGtXxQn3A\/VZuyy5UDDbI\/AAAAAAAALBQ\/tqmlG_tJUZk\/s1600\/filia.jpg\" \/><\/a><\/div>\n<\/div>\n<div style=\"text-align: center;\">\n<a href=\"http:\/\/www.wydawnictwofilia.pl\/\"><i>Filia<\/i><\/a><\/p>\n<div class=\"separator\" style=\"clear: both; text-align: center;\">\n<a href=\"http:\/\/2.bp.blogspot.com\/-rIrlxKfnXig\/U2U_hv17DoI\/AAAAAAAAI6s\/VkGgFR3nZVM\/s1600\/logoGK.png\" style=\"margin-left: 1em; margin-right: 1em;\"><img decoding=\"async\" border=\"0\" src=\"https:\/\/2.bp.blogspot.com\/-rIrlxKfnXig\/U2U_hv17DoI\/AAAAAAAAI6s\/VkGgFR3nZVM\/s1600\/logoGK.png\" \/><\/a><\/div>\n<\/div>\n<div style=\"text-align: center;\">\n<a href=\"http:\/\/www.galeriaksiazki.pl\/\"><i>Galeria Ksi\u0105\u017cki<\/i><\/a><\/p>\n<div class=\"separator\" style=\"clear: both; text-align: center;\">\n<a href=\"http:\/\/2.bp.blogspot.com\/-7uhIA0-NNPQ\/U2VAE8D13rI\/AAAAAAAAI60\/J6F5sUEKnEM\/s1600\/logo-wydawnictwo-literackie.png\" style=\"margin-left: 1em; margin-right: 1em;\"><img decoding=\"async\" border=\"0\" src=\"https:\/\/2.bp.blogspot.com\/-7uhIA0-NNPQ\/U2VAE8D13rI\/AAAAAAAAI60\/J6F5sUEKnEM\/s1600\/logo-wydawnictwo-literackie.png\" \/><\/a><\/div>\n<\/div>\n<div style=\"text-align: center;\">\n<a href=\"http:\/\/www.wydawnictwoliterackie.pl\/\"><i>Literackie<\/i><\/a><\/p>\n<div class=\"separator\" style=\"clear: both; text-align: center;\">\n<a href=\"http:\/\/4.bp.blogspot.com\/-g58VuvGeZwQ\/U2VA9nRLyDI\/AAAAAAAAI7A\/32V9mvByvHs\/s1600\/MG.jpeg\" style=\"margin-left: 1em; margin-right: 1em;\"><img decoding=\"async\" border=\"0\" src=\"https:\/\/4.bp.blogspot.com\/-g58VuvGeZwQ\/U2VA9nRLyDI\/AAAAAAAAI7A\/32V9mvByvHs\/s1600\/MG.jpeg\" \/><\/a><\/div>\n<\/div>\n<div style=\"text-align: center;\">\n<a href=\"http:\/\/www.wydawnictwomg.pl\/\"><i>MG<\/i><\/a><br \/>\n<i><i>(sporadycznie)&nbsp; <\/i><\/i><\/p>\n<div class=\"separator\" style=\"clear: both; text-align: center;\">\n<a href=\"http:\/\/3.bp.blogspot.com\/-xZivSXYgDDE\/U2VBhgtRaWI\/AAAAAAAAI7I\/-TzVTayfaSM\/s1600\/MUZA.jpg\" style=\"margin-left: 1em; margin-right: 1em;\"><img decoding=\"async\" border=\"0\" src=\"https:\/\/3.bp.blogspot.com\/-xZivSXYgDDE\/U2VBhgtRaWI\/AAAAAAAAI7I\/-TzVTayfaSM\/s1600\/MUZA.jpg\" \/><\/a><\/div>\n<\/div>\n<div style=\"text-align: center;\">\n<a href=\"http:\/\/muza.com.pl\/\"><i>Muza<\/i><\/a><br \/>\n<i><i>(sporadycznie)&nbsp; <\/i><\/i><\/p>\n<div class=\"separator\" style=\"clear: both; text-align: center;\">\n<a href=\"http:\/\/4.bp.blogspot.com\/-a8S8O9b3vwE\/U2VB-ur399I\/AAAAAAAAI7Q\/BwTmWBa-sqs\/s1600\/Pascal.jpg\" style=\"margin-left: 1em; margin-right: 1em;\"><img decoding=\"async\" border=\"0\" src=\"https:\/\/4.bp.blogspot.com\/-a8S8O9b3vwE\/U2VB-ur399I\/AAAAAAAAI7Q\/BwTmWBa-sqs\/s1600\/Pascal.jpg\" \/><\/a><\/div>\n<\/div>\n<div style=\"text-align: center;\">\n<a href=\"http:\/\/ksiegarnia.pascal.pl\/ksiegarnia.php\"><i>Pascal<\/i><\/a><br \/>\n<i><i>(sporadycznie)&nbsp; <\/i><\/i><\/p>\n<div class=\"separator\" style=\"clear: both; text-align: center;\">\n<a href=\"http:\/\/4.bp.blogspot.com\/-MTmXaKivTYw\/U2VCeSvwZ0I\/AAAAAAAAI7Y\/r7KlyQAlY7I\/s1600\/sw.wojciech.gif\" style=\"margin-left: 1em; margin-right: 1em;\"><img decoding=\"async\" border=\"0\" src=\"https:\/\/4.bp.blogspot.com\/-MTmXaKivTYw\/U2VCeSvwZ0I\/AAAAAAAAI7Y\/r7KlyQAlY7I\/s1600\/sw.wojciech.gif\" \/><\/a><\/div>\n<\/div>\n<div style=\"text-align: center;\">\n<a href=\"http:\/\/www.swietywojciech.pl\/\"><i>\u015awi\u0119ty Wojciech<\/i><\/a><br \/>\n<i>(sporadycznie) <\/i><\/p>\n<div class=\"separator\" style=\"clear: both; text-align: center;\">\n<a href=\"http:\/\/2.bp.blogspot.com\/-401kO0bCzl8\/VZuxWF5-jEI\/AAAAAAAALA0\/Br18_MtSh5U\/s1600\/Czwarta-strona-logo.jpg\" style=\"margin-left: 1em; margin-right: 1em;\"><img decoding=\"async\" loading=\"lazy\" border=\"0\" height=\"115\" src=\"https:\/\/2.bp.blogspot.com\/-401kO0bCzl8\/VZuxWF5-jEI\/AAAAAAAALA0\/Br18_MtSh5U\/s200\/Czwarta-strona-logo.jpg\" width=\"200\" \/><\/a><\/div>\n<p><a href=\"http:\/\/czwartastrona.pl\/\"><i>Czwarta Strona<\/i><\/a><\/p>\n<div class=\"separator\" style=\"clear: both; text-align: center;\">\n<a href=\"http:\/\/4.bp.blogspot.com\/-HJlYJ1XDYwo\/VZuxwLTqH6I\/AAAAAAAALA8\/_eAeByyqAJo\/s1600\/akurat.jpg\" style=\"margin-left: 1em; margin-right: 1em;\"><img decoding=\"async\" border=\"0\" src=\"https:\/\/4.bp.blogspot.com\/-HJlYJ1XDYwo\/VZuxwLTqH6I\/AAAAAAAALA8\/_eAeByyqAJo\/s1600\/akurat.jpg\" \/><\/a><\/div>\n<p><a href=\"http:\/\/www.wydawnictwoakurat.pl\/\"><i>Akurat<\/i><\/a><\/p>\n<div class=\"separator\" style=\"clear: both; text-align: center;\">\n<a href=\"http:\/\/2.bp.blogspot.com\/-Fiff39IDQXE\/VZuyHPahDvI\/AAAAAAAALBE\/1NUBpGEQ-TM\/s1600\/amber.jpg\" style=\"margin-left: 1em; margin-right: 1em;\"><img decoding=\"async\" border=\"0\" src=\"https:\/\/2.bp.blogspot.com\/-Fiff39IDQXE\/VZuyHPahDvI\/AAAAAAAALBE\/1NUBpGEQ-TM\/s1600\/amber.jpg\" \/><\/a><\/div>\n<p><a href=\"http:\/\/www.wydawnictwoamber.pl\/\"><i>Amber<\/i><\/a><\/p>\n<p><i>Portale literacki<b>:<\/b><\/i><\/p>\n<div class=\"separator\" style=\"clear: both; text-align: center;\">\n<\/div>\n<div class=\"separator\" style=\"clear: both; text-align: center;\">\n<a href=\"http:\/\/2.bp.blogspot.com\/-3jdyWyfWxKA\/U2U75u8aixI\/AAAAAAAAI5w\/-_oucUvc740\/s1600\/secretum.jpg\" style=\"margin-left: 1em; margin-right: 1em;\"><img decoding=\"async\" border=\"0\" src=\"https:\/\/2.bp.blogspot.com\/-3jdyWyfWxKA\/U2U75u8aixI\/AAAAAAAAI5w\/-_oucUvc740\/s1600\/secretum.jpg\" \/><\/a><\/div>\n<p><a href=\"http:\/\/secretum.pl\/\"><i>Secretum<\/i><\/a><\/p>\n<div class=\"separator\" style=\"clear: both; text-align: center;\">\n<a href=\"http:\/\/2.bp.blogspot.com\/-YiohCKyZDZA\/U5AsRHcTH7I\/AAAAAAAAJIA\/U8GVCtfFXRY\/s1600\/duzeKa.jpg\" style=\"margin-left: 1em; margin-right: 1em;\"><img decoding=\"async\" loading=\"lazy\" border=\"0\" height=\"161\" src=\"https:\/\/2.bp.blogspot.com\/-YiohCKyZDZA\/U5AsRHcTH7I\/AAAAAAAAJIA\/U8GVCtfFXRY\/s1600\/duzeKa.jpg\" width=\"320\" \/><\/a><\/div>\n<\/div>\n<div style=\"text-align: center;\">\n<i><a href=\"http:\/\/duzeka.pl\/\">Du\u017ceKa<\/a><\/i><\/p>\n<p><i>Ksi\u0119garnie:<\/i><\/p>\n<div class=\"separator\" style=\"clear: both; text-align: center;\">\n<a href=\"http:\/\/2.bp.blogspot.com\/-NqM79eo8JvM\/VZuwhs0E-II\/AAAAAAAALAo\/NE3YMRAULic\/s1600\/empik.gif\" style=\"margin-left: 1em; margin-right: 1em;\"><img decoding=\"async\" border=\"0\" src=\"https:\/\/2.bp.blogspot.com\/-NqM79eo8JvM\/VZuwhs0E-II\/AAAAAAAALAo\/NE3YMRAULic\/s1600\/empik.gif\" \/><\/a><\/div>\n<p><i><a href=\"http:\/\/www.empik.com\/\">Empik<\/a> <\/i><br \/>\n<i>&nbsp;&nbsp;<\/i><\/p>\n<table align=\"center\" cellpadding=\"0\" cellspacing=\"0\" class=\"tr-caption-container\" style=\"margin-left: auto; margin-right: auto; text-align: center;\">\n<tbody>\n<tr>\n<td style=\"text-align: center;\"><a href=\"https:\/\/1.bp.blogspot.com\/-NeAEw6VfQm0\/WAa2OCTSdjI\/AAAAAAAANGk\/rDYdgqDP5M0snVr_J5shidT4G0igdw99wCLcB\/s1600\/Bookmaster.com.pl.png\" imageanchor=\"1\" style=\"margin-left: auto; margin-right: auto;\"><img decoding=\"async\" loading=\"lazy\" border=\"0\" height=\"267\" src=\"https:\/\/1.bp.blogspot.com\/-NeAEw6VfQm0\/WAa2OCTSdjI\/AAAAAAAANGk\/rDYdgqDP5M0snVr_J5shidT4G0igdw99wCLcB\/s320\/Bookmaster.com.pl.png\" width=\"320\" \/><\/a><\/td>\n<\/tr>\n<tr>\n<td class=\"tr-caption\" style=\"text-align: center;\"><i><a href=\"http:\/\/bookmaster.com.pl\/\">Bookmaster.com.pl<\/a><\/i><\/td>\n<\/tr>\n<\/tbody>\n<\/table>\n<p><\/p>\n<table align=\"center\" cellpadding=\"0\" cellspacing=\"0\" class=\"tr-caption-container\" style=\"margin-left: auto; margin-right: auto; text-align: center;\">\n<tbody>\n<tr>\n<td style=\"text-align: center;\"><a href=\"https:\/\/4.bp.blogspot.com\/-qve-u7iyNbQ\/WAa2yQgNbSI\/AAAAAAAANGw\/wJjBKOhjPkIaWq4VP1UoerIjNw-zKQI9wCLcB\/s1600\/loveboks.pl.jpg\" imageanchor=\"1\" style=\"margin-left: auto; margin-right: auto;\"><img decoding=\"async\" border=\"0\" src=\"https:\/\/4.bp.blogspot.com\/-qve-u7iyNbQ\/WAa2yQgNbSI\/AAAAAAAANGw\/wJjBKOhjPkIaWq4VP1UoerIjNw-zKQI9wCLcB\/s1600\/loveboks.pl.jpg\" \/><\/a><\/td>\n<\/tr>\n<tr>\n<td class=\"tr-caption\" style=\"text-align: center;\"><i><a href=\"http:\/\/lovebooks.pl\/\">LoveBooks<\/a><\/i><\/td>\n<\/tr>\n<\/tbody>\n<\/table>\n<p>\n<\/div>\n","protected":false},"excerpt":{"rendered":"<p>Do tej pory zaufali mi:&nbsp; Wydawnictwa: &nbsp;Wydawnictwo Znak (sporadycznie)&nbsp; Wydawnictwo Novae Res (sporadycznie) Wydawnictwo Harlequin\/Mira&nbsp; Wydawnictwo Pr\u00f3szy\u0144ski i S-ka&nbsp; Papierowy Ksi\u0119\u017cyc Bukowy Las (sporadycznie) Videograf II &nbsp;(sporadycznie) \u015awiat Ksi\u0105\u017cki Czarna Owca Wielka Litera (sporadycznie) Nasza Ksi\u0119garnia Dreams Egmont Feeria Filia Galeria Ksi\u0105\u017cki Literackie MG (sporadycznie)&nbsp; Muza (sporadycznie)&nbsp; Pascal (sporadycznie)&nbsp; \u015awi\u0119ty Wojciech (sporadycznie) Czwarta Strona Akurat [&hellip;]<\/p>\n","protected":false},"author":2,"featured_media":0,"parent":0,"menu_order":0,"comment_status":"closed","ping_status":"closed","template":"","meta":[],"_links":{"self":[{"href":"https:\/\/zapatrzonawksiazki.pl\/index.php\/wp-json\/wp\/v2\/pages\/1457"}],"collection":[{"href":"https:\/\/zapatrzonawksiazki.pl\/index.php\/wp-json\/wp\/v2\/pages"}],"about":[{"href":"https:\/\/zapatrzonawksiazki.pl\/index.php\/wp-json\/wp\/v2\/types\/page"}],"author":[{"embeddable":true,"href":"https:\/\/zapatrzonawksiazki.pl\/index.php\/wp-json\/wp\/v2\/users\/2"}],"replies":[{"embeddable":true,"href":"https:\/\/zapatrzonawksiazki.pl\/index.php\/wp-json\/wp\/v2\/comments?post=1457"}],"version-history":[{"count":1,"href":"https:\/\/zapatrzonawksiazki.pl\/index.php\/wp-json\/wp\/v2\/pages\/1457\/revisions"}],"predecessor-version":[{"id":3069,"href":"https:\/\/zapatrzonawksiazki.pl\/index.php\/wp-json\/wp\/v2\/pages\/1457\/revisions\/3069"}],"wp:attachment":[{"href":"https:\/\/zapatrzonawksiazki.pl\/index.php\/wp-json\/wp\/v2\/media?parent=1457"}],"curies":[{"name":"wp","href":"https:\/\/api.w.org\/{rel}","templated":true}]}}